{"id":18,"date":"2026-02-06T15:16:55","date_gmt":"2026-02-06T15:16:55","guid":{"rendered":"https:\/\/vegpakproduce.com\/?page_id=18"},"modified":"2026-02-18T15:29:42","modified_gmt":"2026-02-18T15:29:42","slug":"what-we-offer","status":"publish","type":"page","link":"https:\/\/vegpakproduce.com\/fr\/what-we-offer\/","title":{"rendered":"Ce que nous offrons"},"content":{"rendered":"<div class=\"et_pb_section_0 et_pb_section et_section_regular et_block_section\">\n<div class=\"et_pb_row_0 et_pb_row et_block_row\">\n<div class=\"et_pb_column_0 et_pb_column et_pb_column_4_4 et-last-child et_block_column et_pb_css_mix_blend_mode_passthrough\">\n<div class=\"et_pb_text_0 et_pb_text et_pb_bg_layout_light et_pb_module et_block_module\"><div class=\"et_pb_text_inner\"><h1>Ce que nous offrons<\/h1>\n<p><!-- wp:divi\/placeholder \/--><\/p>\n<\/div><\/div>\n\n<div class=\"et_pb_image_0 et_pb_image et_pb_module et_flex_module\"><span class=\"et_pb_image_wrap\"><img loading=\"lazy\" decoding=\"async\" src=\"https:\/\/vegpakproduce.com\/wp-content\/uploads\/2026\/02\/divider-works1200-1024x33-1.webp\" title=\"divider-works1200-1024x33-1\" width=\"1024\" height=\"33\" srcset=\"https:\/\/vegpakproduce.com\/wp-content\/uploads\/2026\/02\/divider-works1200-1024x33-1.webp 1024w, https:\/\/vegpakproduce.com\/wp-content\/uploads\/2026\/02\/divider-works1200-1024x33-1-980x32.webp 980w, https:\/\/vegpakproduce.com\/wp-content\/uploads\/2026\/02\/divider-works1200-1024x33-1-480x15.webp 480w\" sizes=\"(min-width: 0px) and (max-width: 480px) 480px, (min-width: 481px) and (max-width: 980px) 980px, (min-width: 981px) 1024px, 100vw\" class=\"wp-image-43\" \/><\/span><\/div>\n<\/div>\n<\/div>\n\n<div class=\"et_pb_row_1 et_pb_row et_flex_row\">\n<div class=\"et_pb_column_1 et_pb_column et_flex_column et_pb_css_mix_blend_mode_passthrough et_flex_column_8_24 et_flex_column_8_24_tablet et_flex_column_24_24_phone\">\n<div class=\"et_pb_image_1 et_pb_image et_pb_module et_flex_module\"><span class=\"et_pb_image_wrap\"><img loading=\"lazy\" decoding=\"async\" src=\"https:\/\/vegpakproduce.com\/wp-content\/uploads\/2026\/02\/Foodsafety.webp\" title=\"Foodsafety\" width=\"348\" height=\"381\" srcset=\"https:\/\/vegpakproduce.com\/wp-content\/uploads\/2026\/02\/Foodsafety.webp 348w, https:\/\/vegpakproduce.com\/wp-content\/uploads\/2026\/02\/Foodsafety-274x300.webp 274w, https:\/\/vegpakproduce.com\/wp-content\/uploads\/2026\/02\/Foodsafety-11x12.webp 11w\" sizes=\"(max-width: 348px) 100vw, 348px\" class=\"wp-image-182\" \/><\/span><\/div>\n\n<div class=\"et_pb_text_1 et_pb_text et_pb_bg_layout_light et_pb_module et_flex_module\"><div class=\"et_pb_text_inner\"><blockquote>\n<p><span>Transformation<\/span><\/p>\n<\/blockquote>\n<\/div><\/div>\n\n<div class=\"et_pb_text_2 et_pb_text et_pb_bg_layout_light et_pb_module et_flex_module\"><div class=\"et_pb_text_inner\"><p><span>Notre \u00e9quipe de transformateurs qualifi\u00e9s et de scientifiques alimentaires, associ\u00e9e \u00e0 notre technologie de pointe, s'engage \u00e0 d\u00e9passer les normes de transformation de l'industrie afin de garantir la fra\u00eecheur et la qualit\u00e9 de nos produits.<\/span><\/p>\n<\/div><\/div>\n<\/div>\n\n<div class=\"et_pb_column_2 et_pb_column et_flex_column et_pb_css_mix_blend_mode_passthrough et_flex_column_8_24 et_flex_column_8_24_tablet et_flex_column_24_24_phone\">\n<div class=\"et_pb_image_2 et_pb_image et_pb_module et_flex_module\"><span class=\"et_pb_image_wrap\"><img loading=\"lazy\" decoding=\"async\" src=\"https:\/\/vegpakproduce.com\/wp-content\/uploads\/2026\/02\/Proccessing-1.webp\" title=\"Proccessing-1\" width=\"348\" height=\"381\" srcset=\"https:\/\/vegpakproduce.com\/wp-content\/uploads\/2026\/02\/Proccessing-1.webp 348w, https:\/\/vegpakproduce.com\/wp-content\/uploads\/2026\/02\/Proccessing-1-274x300.webp 274w, https:\/\/vegpakproduce.com\/wp-content\/uploads\/2026\/02\/Proccessing-1-11x12.webp 11w\" sizes=\"(max-width: 348px) 100vw, 348px\" class=\"wp-image-184\" \/><\/span><\/div>\n\n<div class=\"et_pb_text_3 et_pb_text et_pb_bg_layout_light et_pb_module et_flex_module\"><div class=\"et_pb_text_inner\"><blockquote>\n<p><span>Emballage<\/span><\/p>\n<\/blockquote>\n<\/div><\/div>\n\n<div class=\"et_pb_text_4 et_pb_text et_pb_bg_layout_light et_pb_module et_flex_module\"><div class=\"et_pb_text_inner\"><p><span>Nos installations de pointe et notre \u00e9quipe hautement qualifi\u00e9e garantissent un emballage personnalis\u00e9 de haute qualit\u00e9 qui limite la manipulation des aliments, r\u00e9duisant ainsi consid\u00e9rablement le risque de contamination.<\/span><\/p>\n<\/div><\/div>\n<\/div>\n\n<div class=\"et_pb_column_3 et_pb_column et-last-child et_flex_column et_pb_css_mix_blend_mode_passthrough et_flex_column_8_24 et_flex_column_8_24_tablet et_flex_column_24_24_phone\">\n<div class=\"et_pb_image_3 et_pb_image et_pb_module et_flex_module\"><span class=\"et_pb_image_wrap\"><img loading=\"lazy\" decoding=\"async\" src=\"https:\/\/vegpakproduce.com\/wp-content\/uploads\/2026\/02\/Foodsafety2.webp\" title=\"Foodsafety2\" width=\"348\" height=\"381\" srcset=\"https:\/\/vegpakproduce.com\/wp-content\/uploads\/2026\/02\/Foodsafety2.webp 348w, https:\/\/vegpakproduce.com\/wp-content\/uploads\/2026\/02\/Foodsafety2-274x300.webp 274w, https:\/\/vegpakproduce.com\/wp-content\/uploads\/2026\/02\/Foodsafety2-11x12.webp 11w\" sizes=\"(max-width: 348px) 100vw, 348px\" class=\"wp-image-183\" \/><\/span><\/div>\n\n<div class=\"et_pb_text_5 et_pb_text et_pb_bg_layout_light et_pb_module et_flex_module\"><div class=\"et_pb_text_inner\"><blockquote>\n<p><span>S\u00e9lection<\/span><\/p>\n<\/blockquote>\n<\/div><\/div>\n\n<div class=\"et_pb_text_6 et_pb_text et_pb_bg_layout_light et_pb_module et_flex_module\"><div class=\"et_pb_text_inner\"><p><span>Nos experts en contr\u00f4le qualit\u00e9, gr\u00e2ce \u00e0 leur souci du d\u00e9tail, effectuent un filtrage tr\u00e8s s\u00e9lectif afin de respecter, voire d\u00e9passer, les normes de l'industrie.<\/span><\/p>\n<\/div><\/div>\n<\/div>\n<\/div>\n<\/div>\n\n<div class=\"et_pb_section_1 et_pb_section et_section_regular et_flex_section\">\n<div class=\"et_pb_row_2 et_pb_row et_flex_row\">\n<div class=\"et_pb_column_4 et_pb_column et_flex_column et_pb_css_mix_blend_mode_passthrough et_flex_column_12_24 et_flex_column_12_24_tablet et_flex_column_24_24_phone\">\n<div class=\"et_pb_image_4 et_pb_image et_pb_image_sticky_phone et_pb_module et_flex_module\"><a href=\"https:\/\/www.instagram.com\/harvestfresh43\/\" target=\"_blank\"><span class=\"et_pb_image_wrap\"><img loading=\"lazy\" decoding=\"async\" src=\"https:\/\/vegpakproduce.com\/wp-content\/uploads\/2026\/02\/New-SEPT-2025.webp\" title=\"New-SEPT-2025\" width=\"931\" height=\"523\" srcset=\"https:\/\/vegpakproduce.com\/wp-content\/uploads\/2026\/02\/New-SEPT-2025.webp 931w, https:\/\/vegpakproduce.com\/wp-content\/uploads\/2026\/02\/New-SEPT-2025-480x270.webp 480w\" sizes=\"(min-width: 0px) and (max-width: 480px) 480px, (min-width: 481px) 931px, 100vw\" class=\"wp-image-307\" \/><\/span><\/a><\/div>\n<\/div>\n\n<div class=\"et_pb_column_5 et_pb_column et-last-child et_flex_column et_pb_css_mix_blend_mode_passthrough et_flex_column_12_24 et_flex_column_12_24_tablet et_flex_column_24_24_phone\">\n<div class=\"et_pb_video_0 et_pb_video et_pb_module et_flex_module\"><div class=\"et_pb_video_box\"><iframe loading=\"lazy\" title=\"Veg-Pak Produce Video\" src=\"https:\/\/player.vimeo.com\/video\/527300816?dnt=1&amp;app_id=122963\" width=\"960\" height=\"540\" frameborder=\"0\" allow=\"autoplay; fullscreen; picture-in-picture; clipboard-write; encrypted-media; web-share\" referrerpolicy=\"strict-origin-when-cross-origin\"><\/iframe><\/div><\/div>\n<\/div>\n<\/div>\n<\/div>\n\n<div class=\"et_pb_section_2 et_pb_section et_section_regular et_flex_section\">\n<div class=\"et_pb_row_3 et_pb_row et_flex_row\">\n<div class=\"et_pb_column_6 et_pb_column et-last-child et_flex_column et_pb_css_mix_blend_mode_passthrough et_flex_column_24_24 et_flex_column_24_24_tablet et_flex_column_24_24_phone\">\n<div class=\"et_pb_text_7 et_pb_text et_pb_bg_layout_light et_pb_module et_flex_module\"><div class=\"et_pb_text_inner\"><h2>S\u00e9curit\u00e9 alimentaire<\/h2>\n<\/div><\/div>\n\n<div class=\"et_pb_module et_pb_button_module_wrapper et_pb_button_0_wrapper\"><a class=\"et_pb_button_0 et_pb_button et_pb_bg_layout_light et_pb_module et_flex_module\" href=\"https:\/\/vegpakproduce.com\/fr\/food-safety\/\">En savoir plus<\/a><\/div>\n<\/div>\n<\/div>\n<\/div>","protected":false},"excerpt":{"rendered":"","protected":false},"author":1,"featured_media":0,"parent":0,"menu_order":0,"comment_status":"closed","ping_status":"closed","template":"","meta":{"footnotes":""},"class_list":["post-18","page","type-page","status-publish","hentry"],"_links":{"self":[{"href":"https:\/\/vegpakproduce.com\/fr\/wp-json\/wp\/v2\/pages\/18","targetHints":{"allow":["GET"]}}],"collection":[{"href":"https:\/\/vegpakproduce.com\/fr\/wp-json\/wp\/v2\/pages"}],"about":[{"href":"https:\/\/vegpakproduce.com\/fr\/wp-json\/wp\/v2\/types\/page"}],"author":[{"embeddable":true,"href":"https:\/\/vegpakproduce.com\/fr\/wp-json\/wp\/v2\/users\/1"}],"replies":[{"embeddable":true,"href":"https:\/\/vegpakproduce.com\/fr\/wp-json\/wp\/v2\/comments?post=18"}],"version-history":[{"count":7,"href":"https:\/\/vegpakproduce.com\/fr\/wp-json\/wp\/v2\/pages\/18\/revisions"}],"predecessor-version":[{"id":319,"href":"https:\/\/vegpakproduce.com\/fr\/wp-json\/wp\/v2\/pages\/18\/revisions\/319"}],"wp:attachment":[{"href":"https:\/\/vegpakproduce.com\/fr\/wp-json\/wp\/v2\/media?parent=18"}],"curies":[{"name":"wp","href":"https:\/\/api.w.org\/{rel}","templated":true}]}}