{"id":193,"date":"2026-02-06T20:30:13","date_gmt":"2026-02-06T20:30:13","guid":{"rendered":"https:\/\/vegpakproduce.com\/?page_id=193"},"modified":"2026-02-18T15:30:37","modified_gmt":"2026-02-18T15:30:37","slug":"who-we-are","status":"publish","type":"page","link":"https:\/\/vegpakproduce.com\/fr\/who-we-are\/","title":{"rendered":"Qui nous sommes"},"content":{"rendered":"<div class=\"et_pb_section_0 et_pb_section et_section_regular et_block_section\">\n<div class=\"et_pb_row_0 et_pb_row et_flex_row\">\n<div class=\"et_pb_column_0 et_pb_column et_flex_column et_pb_css_mix_blend_mode_passthrough et_flex_column_3_5 et_flex_column_3_5_tablet et_flex_column_24_24_phone\">\n<div class=\"et_pb_image_0 et_pb_image et_pb_module et_flex_module\"><span class=\"et_pb_image_wrap\"><img loading=\"lazy\" decoding=\"async\" src=\"https:\/\/vegpakproduce.com\/wp-content\/uploads\/2026\/02\/Family-pic.webp\" title=\"Family-pic\" width=\"1033\" height=\"1175\" srcset=\"https:\/\/vegpakproduce.com\/wp-content\/uploads\/2026\/02\/Family-pic.webp 1033w, https:\/\/vegpakproduce.com\/wp-content\/uploads\/2026\/02\/Family-pic-980x1115.webp 980w, https:\/\/vegpakproduce.com\/wp-content\/uploads\/2026\/02\/Family-pic-480x546.webp 480w\" sizes=\"(min-width: 0px) and (max-width: 480px) 480px, (min-width: 481px) and (max-width: 980px) 980px, (min-width: 981px) 1033px, 100vw\" class=\"wp-image-198\" \/><\/span><\/div>\n<\/div>\n\n<div class=\"et_pb_column_1 et_pb_column et-last-child et_flex_column et_pb_css_mix_blend_mode_passthrough et_flex_column_2_5 et_flex_column_2_5_tablet et_flex_column_24_24_phone\">\n<div class=\"et_pb_text_0 et_pb_text et_pb_bg_layout_light et_pb_module et_flex_module\"><div class=\"et_pb_text_inner\"><h1 style=\"text-align: center;\">Qui nous sommes<\/h1>\n<p class=\"pra-ovrlp\">Veg-Pak Produce Ltd. a \u00e9t\u00e9 fond\u00e9e en 1943 et poss\u00e8de plus de 70 ans d\u2019exp\u00e9rience dans l\u2019industrie. Nous sommes fiers d\u2019offrir \u00e0 nos clients les meilleurs produits frais, de la plus haute qualit\u00e9.<\/p>\n<p class=\"pra-ovrlp\">Nos r\u00e9ussites ne seraient possibles sans une \u00e9quipe d\u00e9vou\u00e9e, qui s\u2019efforce chaque jour d\u2019assurer la qualit\u00e9 des produits que nous livrons et de r\u00e9pondre aux besoins de nos clients.<\/p>\n<p class=\"pra-ovrlp\">Alors que nous continuons \u00e0 d\u00e9velopper et \u00e0 \u00e9tendre notre activit\u00e9, nous sommes pleinement motiv\u00e9s par ce que nous apportons, gr\u00e2ce \u00e0 l\u2019innovation continue, \u00e0 de nouvelles id\u00e9es et \u00e0 des \u00e9quipements de pointe, afin de rester l\u2019entreprise de r\u00e9f\u00e9rence dans notre domaine.<\/p>\n<\/div><\/div>\n<\/div>\n<\/div>\n\n<div class=\"et_pb_row_1 et_pb_row et_flex_row\">\n<div class=\"et_pb_column_2 et_pb_column et-last-child et_flex_column et_pb_css_mix_blend_mode_passthrough et_flex_column_24_24 et_flex_column_24_24_tablet et_flex_column_24_24_phone\">\n<div class=\"et_pb_icon_0 et_pb_icon et_clickable et_pb_module et_flex_module\"><span class=\"et_pb_icon_wrap\"><a href=\"https:\/\/vegpakproduce.com\/fr\/veggie-spirals\/\" target=\"\"><span class=\"et-pb-icon\">\uf35a<\/span><\/a><\/span><\/div>\n<\/div>\n<\/div>\n<\/div>\n\n<div class=\"et_pb_section_1 et_pb_section et_section_regular et_flex_section\">\n<div class=\"et_pb_row_2 et_pb_row et_flex_row\">\n<div class=\"et_pb_column_3 et_pb_column et_flex_column et_pb_css_mix_blend_mode_passthrough et_flex_column_12_24 et_flex_column_12_24_tablet et_flex_column_24_24_phone\">\n<div class=\"et_pb_image_1 et_pb_image et_pb_image_sticky_phone et_pb_module et_flex_module\"><a href=\"https:\/\/www.instagram.com\/harvestfresh43\/\" target=\"_blank\"><span class=\"et_pb_image_wrap\"><img loading=\"lazy\" decoding=\"async\" src=\"https:\/\/vegpakproduce.com\/wp-content\/uploads\/2026\/02\/New-SEPT-2025.webp\" title=\"New-SEPT-2025\" width=\"931\" height=\"523\" srcset=\"https:\/\/vegpakproduce.com\/wp-content\/uploads\/2026\/02\/New-SEPT-2025.webp 931w, https:\/\/vegpakproduce.com\/wp-content\/uploads\/2026\/02\/New-SEPT-2025-480x270.webp 480w\" sizes=\"(min-width: 0px) and (max-width: 480px) 480px, (min-width: 481px) 931px, 100vw\" class=\"wp-image-307\" \/><\/span><\/a><\/div>\n<\/div>\n\n<div class=\"et_pb_column_4 et_pb_column et-last-child et_flex_column et_pb_css_mix_blend_mode_passthrough et_flex_column_12_24 et_flex_column_12_24_tablet et_flex_column_24_24_phone\">\n<div class=\"et_pb_video_0 et_pb_video et_pb_module et_flex_module\"><div class=\"et_pb_video_box\"><iframe loading=\"lazy\" title=\"Veg-Pak Produce Video\" src=\"https:\/\/player.vimeo.com\/video\/527300816?dnt=1&amp;app_id=122963\" width=\"960\" height=\"540\" frameborder=\"0\" allow=\"autoplay; fullscreen; picture-in-picture; clipboard-write; encrypted-media; web-share\" referrerpolicy=\"strict-origin-when-cross-origin\"><\/iframe><\/div><\/div>\n<\/div>\n<\/div>\n<\/div>\n\n<div class=\"et_pb_section_2 et_pb_section et_section_regular et_flex_section et_pb_section_parallax\"><span class=\"et-pb-parallax-wrapper\"><span class=\"et-pb-parallax-background et-pb-parallax-background--css et-pb-parallax-background-module--divi-section-2\" style=\"background-image:url(https:\/\/vegpakproduce.com\/wp-content\/uploads\/2026\/02\/What-we-offer-min-1.webp)\"><\/span><\/span>\n<div class=\"et_pb_row_3 et_pb_row et_flex_row\">\n<div class=\"et_pb_column_5 et_pb_column et-last-child et_flex_column et_pb_css_mix_blend_mode_passthrough et_flex_column_24_24 et_flex_column_24_24_tablet et_flex_column_24_24_phone\">\n<div class=\"et_pb_text_1 et_pb_text et_pb_bg_layout_light et_pb_module et_flex_module\"><div class=\"et_pb_text_inner\"><h2>Ce que nous offrons<\/h2>\n<\/div><\/div>\n\n<div class=\"et_pb_module et_pb_button_module_wrapper et_pb_button_0_wrapper\"><a class=\"et_pb_button_0 et_pb_button et_pb_bg_layout_light et_pb_module et_flex_module\" href=\"https:\/\/vegpakproduce.com\/fr\/what-we-offer\/\">En savoir plus<\/a><\/div>\n<\/div>\n<\/div>\n<\/div>","protected":false},"excerpt":{"rendered":"","protected":false},"author":1,"featured_media":0,"parent":0,"menu_order":0,"comment_status":"closed","ping_status":"closed","template":"","meta":{"footnotes":""},"class_list":["post-193","page","type-page","status-publish","hentry"],"_links":{"self":[{"href":"https:\/\/vegpakproduce.com\/fr\/wp-json\/wp\/v2\/pages\/193","targetHints":{"allow":["GET"]}}],"collection":[{"href":"https:\/\/vegpakproduce.com\/fr\/wp-json\/wp\/v2\/pages"}],"about":[{"href":"https:\/\/vegpakproduce.com\/fr\/wp-json\/wp\/v2\/types\/page"}],"author":[{"embeddable":true,"href":"https:\/\/vegpakproduce.com\/fr\/wp-json\/wp\/v2\/users\/1"}],"replies":[{"embeddable":true,"href":"https:\/\/vegpakproduce.com\/fr\/wp-json\/wp\/v2\/comments?post=193"}],"version-history":[{"count":6,"href":"https:\/\/vegpakproduce.com\/fr\/wp-json\/wp\/v2\/pages\/193\/revisions"}],"predecessor-version":[{"id":321,"href":"https:\/\/vegpakproduce.com\/fr\/wp-json\/wp\/v2\/pages\/193\/revisions\/321"}],"wp:attachment":[{"href":"https:\/\/vegpakproduce.com\/fr\/wp-json\/wp\/v2\/media?parent=193"}],"curies":[{"name":"wp","href":"https:\/\/api.w.org\/{rel}","templated":true}]}}